{"id":1852,"date":"2013-09-18T14:11:56","date_gmt":"2013-09-18T12:11:56","guid":{"rendered":"http:\/\/video-kruse.de\/?page_id=1852"},"modified":"2019-11-11T14:34:40","modified_gmt":"2019-11-11T12:34:40","slug":"startseite-livestream","status":"publish","type":"page","link":"https:\/\/video-kruse.de\/de\/startseite-livestream\/","title":{"rendered":"Startseite &#8211; Livestream"},"content":{"rendered":"<h2>Video- &amp; DVD-Produktion und Bearbeitung<\/h2>\n<div class=\"one_fourth first flex_column\"><h3>Eventdokumentation<\/h3>\n<p><span class=\"dropcap2\">1<\/span> Theater, Konzerte, Ballett, Zirkus und Tanz-Meisterschaften &#8211; Wir sind auf die Dokumentation von Ereignissen aus verschiedensten Bereichen spezialisiert.<\/p>\n<\/div> <div class=\"one_fourth  flex_column\"><h3>Sportveranstaltungen<\/h3>\n<p><span class=\"dropcap2\">2<\/span>Zeit verz\u00f6gerte Live-\u00dcbertragung f\u00fcr die Teilnehmer, Projektion auf Videobeamer, Wiederholung von interessanten Szenen in Zeitlupe, komplette Video-Regie, Live\u00fcbertragung im Internet, DVD-Erstellung und Verkauf an die Teilnehmer und Zuschauer. <\/p>\n<\/div> <div class=\"one_fourth  flex_column\"><h3>Postproduktion<\/h3>\n<p><span class=\"dropcap2\">3<\/span>Postproduktion f\u00fcr Video-Produktionen im eigenen Studio: Screening und Auswahl des Videomaterials, Mischen und Bearbeiten, Produktion von Film-Trailern (Highlight Trailer) sowie Video &amp; DVD-Mastering und Komposition.<\/p>\n<\/div> <div class=\"one_fourth  flex_column\"><h3>Reproduktion<\/h3>\n<p><span class=\"dropcap2\">4<\/span>F\u00fcr die Vervielf\u00e4ltigung von analogen oder digitalen Vorlagen haben wir DVD Kopierstra\u00dfen, um schnell und einfach eine gro\u00dfe Anzahl von Kopien anzufertigen. <\/p>\n<\/div> <div class=\"hr hr_flag \">    \t<span class=\"hr-seperator extralight-border\"><\/span>    \t<span class=\"primary-background seperator-addon\"><\/span><\/div><\/p>\n<h2>Gesellschaftliche Veranstaltungen<\/h2>\n<div class=\"one_fourth first flex_column\"><h3>Hochzeiten<\/h3>\n<p><span class=\"dropcap2\">5<\/span> Wir planen und produzieren Ihr ganz pers\u00f6nliches Hochzeits-Video. Auf Ihrer Hochzeit begleiten wir Sie mit der Kamera und filmen die wichtigsten Momente Ihrer Hochzeit. Wir erstellen Ihren professionellen Hochzeitsfilm auf DVD und produzieren die gew\u00fcnschte Anzahl von Kopien auf DVD.\u00a0<\/p>\n<\/div> <div class=\"one_fourth  flex_column\"><h3>Kommunion \/ Konfirmation<\/h3>\n<p><span class=\"dropcap2\">6<\/span>In Zusammenarbeit mit den jeweiligen Gemeinden produzieren wir eine professionelle DVD des kirchlichen Festes. Seit Jahrzehnten vertrauen viele Gemeinden auf unsere bew\u00e4hrte Qualit\u00e4t. <\/p>\n<\/div> <div class=\"one_fourth  flex_column\"><h3>Geburtstage<\/h3>\n<p><span class=\"dropcap2\">7<\/span>Auf Ihrer Geburtstagsparty begleiten wir Sie diskret mit der Kamera und halten die sch\u00f6nsten Momente fest. Wir erstellen Ihren professionellen Geburtstags-Film in unserem Studio und produzieren die gew\u00fcnschte Anzahl von DVD-Kopien f\u00fcr Sie und Ihre G\u00e4ste. <\/p>\n<\/div> <div class=\"one_fourth  flex_column\"><h3>Jubil\u00e4um<\/h3>\n<p><span class=\"dropcap2\">8<\/span>Ein privates oder gesch\u00e4ftliches Jubil\u00e4um ist immer ein besonderer Anlass, der auf einer DVD festgehalten werden sollte. Wir begleiten Sie an diesem Tag der Feier und halten f\u00fcr Sie die Highlights mit unseren Kameras fest. Nach der Produktion in unserem Studio, erhalten Sie und alle Ihre G\u00e4ste eine Kopie Ihres Films. <\/p>\n<\/div><\/p>\n","protected":false},"excerpt":{"rendered":"<p>Video- &amp; DVD-Produktion und Bearbeitung Gesellschaftliche Veranstaltungen<\/p>\n","protected":false},"author":559,"featured_media":1520,"parent":0,"menu_order":0,"comment_status":"closed","ping_status":"closed","template":"","meta":[],"yoast_head":"\n<title>Video- und DVD-Produktion - Video Kruse (Herne \/ NRW)<\/title>\n<meta name=\"description\" content=\"Wir sind Ihr Spezialist f\u00fcr Video-Produktion, DVD-Produktion und -Bearbeitung aus Herne in NRW.\" \/>\n<meta name=\"robots\" content=\"index, follow, max-snippet:-1, max-image-preview:large, max-video-preview:-1\" \/>\n<link rel=\"canonical\" href=\"https:\/\/video-kruse.de\/de\/startseite-livestream\/\" \/>\n<meta name=\"twitter:card\" content=\"summary\" \/>\n<meta name=\"twitter:title\" content=\"Video- und DVD-Produktion - Video Kruse (Herne \/ NRW)\" \/>\n<meta name=\"twitter:description\" content=\"Wir sind Ihr Spezialist f\u00fcr Video-Produktion, DVD-Produktion und -Bearbeitung aus Herne in NRW.\" \/>\n<meta name=\"twitter:image\" content=\"https:\/\/video-kruse.de\/wp-content\/uploads\/2013\/08\/start-slider-livestream.jpg\" \/>\n<meta name=\"twitter:label1\" content=\"Gesch\u00e4tzte Lesezeit\" \/>\n\t<meta name=\"twitter:data1\" content=\"2 Minuten\" \/>\n<script type=\"application\/ld+json\" class=\"yoast-schema-graph\">{\"@context\":\"https:\/\/schema.org\",\"@graph\":[{\"@type\":\"WebSite\",\"@id\":\"https:\/\/video-kruse.de\/#website\",\"url\":\"https:\/\/video-kruse.de\/\",\"name\":\"Video Kruse\",\"description\":\"\",\"potentialAction\":[{\"@type\":\"SearchAction\",\"target\":{\"@type\":\"EntryPoint\",\"urlTemplate\":\"https:\/\/video-kruse.de\/?s={search_term_string}\"},\"query-input\":\"required name=search_term_string\"}],\"inLanguage\":\"de-DE\"},{\"@type\":\"ImageObject\",\"@id\":\"https:\/\/video-kruse.de\/de\/startseite-livestream\/#primaryimage\",\"inLanguage\":\"de-DE\",\"url\":\"https:\/\/video-kruse.de\/wp-content\/uploads\/2013\/08\/start-slider-livestream.jpg\",\"contentUrl\":\"https:\/\/video-kruse.de\/wp-content\/uploads\/2013\/08\/start-slider-livestream.jpg\",\"width\":930,\"height\":300},{\"@type\":\"WebPage\",\"@id\":\"https:\/\/video-kruse.de\/de\/startseite-livestream\/#webpage\",\"url\":\"https:\/\/video-kruse.de\/de\/startseite-livestream\/\",\"name\":\"Video- und DVD-Produktion - Video Kruse (Herne \/ NRW)\",\"isPartOf\":{\"@id\":\"https:\/\/video-kruse.de\/#website\"},\"primaryImageOfPage\":{\"@id\":\"https:\/\/video-kruse.de\/de\/startseite-livestream\/#primaryimage\"},\"datePublished\":\"2013-09-18T12:11:56+00:00\",\"dateModified\":\"2019-11-11T12:34:40+00:00\",\"description\":\"Wir sind Ihr Spezialist f\\u00fcr Video-Produktion, DVD-Produktion und -Bearbeitung aus Herne in NRW.\",\"breadcrumb\":{\"@id\":\"https:\/\/video-kruse.de\/de\/startseite-livestream\/#breadcrumb\"},\"inLanguage\":\"de-DE\",\"potentialAction\":[{\"@type\":\"ReadAction\",\"target\":[\"https:\/\/video-kruse.de\/de\/startseite-livestream\/\"]}]},{\"@type\":\"BreadcrumbList\",\"@id\":\"https:\/\/video-kruse.de\/de\/startseite-livestream\/#breadcrumb\",\"itemListElement\":[{\"@type\":\"ListItem\",\"position\":1,\"name\":\"Startseite\",\"item\":\"https:\/\/video-kruse.de\/de\/\"},{\"@type\":\"ListItem\",\"position\":2,\"name\":\"Startseite &#8211; Livestream\"}]}]}<\/script>\n","yoast_head_json":{"title":"Video- und DVD-Produktion - Video Kruse (Herne \/ NRW)","description":"Wir sind Ihr Spezialist f\u00fcr Video-Produktion, DVD-Produktion und -Bearbeitung aus Herne in NRW.","robots":{"index":"index","follow":"follow","max-snippet":"max-snippet:-1","max-image-preview":"max-image-preview:large","max-video-preview":"max-video-preview:-1"},"canonical":"https:\/\/video-kruse.de\/de\/startseite-livestream\/","twitter_card":"summary","twitter_title":"Video- und DVD-Produktion - Video Kruse (Herne \/ NRW)","twitter_description":"Wir sind Ihr Spezialist f\u00fcr Video-Produktion, DVD-Produktion und -Bearbeitung aus Herne in NRW.","twitter_image":"https:\/\/video-kruse.de\/wp-content\/uploads\/2013\/08\/start-slider-livestream.jpg","twitter_misc":{"Gesch\u00e4tzte Lesezeit":"2 Minuten"},"schema":{"@context":"https:\/\/schema.org","@graph":[{"@type":"WebSite","@id":"https:\/\/video-kruse.de\/#website","url":"https:\/\/video-kruse.de\/","name":"Video Kruse","description":"","potentialAction":[{"@type":"SearchAction","target":{"@type":"EntryPoint","urlTemplate":"https:\/\/video-kruse.de\/?s={search_term_string}"},"query-input":"required name=search_term_string"}],"inLanguage":"de-DE"},{"@type":"ImageObject","@id":"https:\/\/video-kruse.de\/de\/startseite-livestream\/#primaryimage","inLanguage":"de-DE","url":"https:\/\/video-kruse.de\/wp-content\/uploads\/2013\/08\/start-slider-livestream.jpg","contentUrl":"https:\/\/video-kruse.de\/wp-content\/uploads\/2013\/08\/start-slider-livestream.jpg","width":930,"height":300},{"@type":"WebPage","@id":"https:\/\/video-kruse.de\/de\/startseite-livestream\/#webpage","url":"https:\/\/video-kruse.de\/de\/startseite-livestream\/","name":"Video- und DVD-Produktion - Video Kruse (Herne \/ NRW)","isPartOf":{"@id":"https:\/\/video-kruse.de\/#website"},"primaryImageOfPage":{"@id":"https:\/\/video-kruse.de\/de\/startseite-livestream\/#primaryimage"},"datePublished":"2013-09-18T12:11:56+00:00","dateModified":"2019-11-11T12:34:40+00:00","description":"Wir sind Ihr Spezialist f\u00fcr Video-Produktion, DVD-Produktion und -Bearbeitung aus Herne in NRW.","breadcrumb":{"@id":"https:\/\/video-kruse.de\/de\/startseite-livestream\/#breadcrumb"},"inLanguage":"de-DE","potentialAction":[{"@type":"ReadAction","target":["https:\/\/video-kruse.de\/de\/startseite-livestream\/"]}]},{"@type":"BreadcrumbList","@id":"https:\/\/video-kruse.de\/de\/startseite-livestream\/#breadcrumb","itemListElement":[{"@type":"ListItem","position":1,"name":"Startseite","item":"https:\/\/video-kruse.de\/de\/"},{"@type":"ListItem","position":2,"name":"Startseite &#8211; Livestream"}]}]}},"_links":{"self":[{"href":"https:\/\/video-kruse.de\/de\/wp-json\/wp\/v2\/pages\/1852"}],"collection":[{"href":"https:\/\/video-kruse.de\/de\/wp-json\/wp\/v2\/pages"}],"about":[{"href":"https:\/\/video-kruse.de\/de\/wp-json\/wp\/v2\/types\/page"}],"author":[{"embeddable":true,"href":"https:\/\/video-kruse.de\/de\/wp-json\/wp\/v2\/users\/559"}],"replies":[{"embeddable":true,"href":"https:\/\/video-kruse.de\/de\/wp-json\/wp\/v2\/comments?post=1852"}],"version-history":[{"count":2,"href":"https:\/\/video-kruse.de\/de\/wp-json\/wp\/v2\/pages\/1852\/revisions"}],"predecessor-version":[{"id":3909,"href":"https:\/\/video-kruse.de\/de\/wp-json\/wp\/v2\/pages\/1852\/revisions\/3909"}],"wp:featuredmedia":[{"embeddable":true,"href":"https:\/\/video-kruse.de\/de\/wp-json\/wp\/v2\/media\/1520"}],"wp:attachment":[{"href":"https:\/\/video-kruse.de\/de\/wp-json\/wp\/v2\/media?parent=1852"}],"curies":[{"name":"wp","href":"https:\/\/api.w.org\/{rel}","templated":true}]}}